
{"id":16020,"date":"2017-08-07T13:15:48","date_gmt":"2017-08-07T11:15:48","guid":{"rendered":"https:\/\/www.brickrknowledge.de\/?page_id=16020\/"},"modified":"2017-08-07T13:15:48","modified_gmt":"2017-08-07T11:15:48","slug":"aviso-legal","status":"publish","type":"page","link":"https:\/\/www.brickrknowledge.de\/es\/aviso-legal\/aviso-legal\/","title":{"rendered":"Aviso legal"},"content":{"rendered":"<p>Informaci\u00f3n seg\u00fan \u00a7 5 TMG:<\/p>\n<p><strong><br \/>\nBrick&#8217;R&#8217;knowledge<br \/>\nALLNET GmbH Computersysteme<\/strong><br \/>\nMaistra\u00dfe 2<br \/>\n82110 Germering<\/p>\n<p><strong><br \/>\nRepresentado por:<br \/>\n<\/strong>Wolfang Marcus Bauer<\/p>\n<p><strong><br \/>\nContacto:<\/strong><br \/>\nTel\u00e9fono: +49 (0) 89 894 222 22<br \/>\nTel\u00e9fax: +49 (0) 89 894 222 33<br \/>\nE-Mail: &#x69;&#x6e;&#x66;&#x6f;&#x40;&#x62;&#x72;&#105;&#99;&#107;rknowl&#x65;&#x64;&#x67;&#x65;&#x2e;&#x64;&#x65;<\/p>\n<p><strong><br \/>\nRegistro:<br \/>\n<\/strong>Inscrito en el registro Mercantil de Munich<br \/>\nN\u00famero de registro: HRB 95 992<\/p>\n<p><strong><br \/>\nCIF intracomuitario:<\/strong><br \/>\nDE 128 214 294<\/p>\n","protected":false},"excerpt":{"rendered":"<p>Informaci\u00f3n seg\u00fan \u00a7 5 TMG: Brick&#8217;R&#8217;knowledge ALLNET GmbH Computersysteme Maistra\u00dfe 2 82110 Germering Representado por: Wolfang Marcus Bauer Contacto: Tel\u00e9fono: +49 (0) 89 894 222 22 Tel\u00e9fax: +49 (0) 89 894 222 33 E-Mail: info&#64;bric&#107;&#114;&#107;&#110;&#x6f;&#x77;&#x6c;&#x65;&#x64;&#x67;&#x65;&#x2e;&#x64;&#x65; Registro: Inscrito en el registro Mercantil de Munich N\u00famero de registro: HRB 95 992 CIF intracomuitario: DE 128 214 294<\/p>\n","protected":false},"author":5,"featured_media":0,"parent":16019,"menu_order":0,"comment_status":"open","ping_status":"closed","template":"","meta":{"footnotes":""},"categories":[],"tags":[],"class_list":["post-16020","page","type-page","status-publish","hentry"],"yoast_head":"<!-- This site is optimized with the Yoast SEO plugin v23.3 - https:\/\/yoast.com\/wordpress\/plugins\/seo\/ -->\n<title>Aviso legal - Brick&#039;R&#039;knowledge<\/title>\n<meta name=\"robots\" content=\"index, follow, max-snippet:-1, max-image-preview:large, max-video-preview:-1\" \/>\n<link rel=\"canonical\" href=\"https:\/\/forum.brickrknowledge.eu\/es\/aviso-legal\/aviso-legal\/\" \/>\n<meta property=\"og:locale\" content=\"es_ES\" \/>\n<meta property=\"og:type\" content=\"article\" \/>\n<meta property=\"og:title\" content=\"Aviso legal - Brick&#039;R&#039;knowledge\" \/>\n<meta property=\"og:description\" content=\"Informaci\u00f3n seg\u00fan \u00a7 5 TMG: Brick&#8217;R&#8217;knowledge ALLNET GmbH Computersysteme Maistra\u00dfe 2 82110 Germering Representado por: Wolfang Marcus Bauer Contacto: Tel\u00e9fono: +49 (0) 89 894 222 22 Tel\u00e9fax: +49 (0) 89 894 222 33 E-Mail: info&#064;&#098;&#x72;&#x69;&#x63;&#x6b;&#x72;&#x6b;nowle&#100;&#103;&#x65;&#x2e;&#x64;&#x65; Registro: Inscrito en el registro Mercantil de Munich N\u00famero de registro: HRB 95 992 CIF intracomuitario: DE 128 214 294\" \/>\n<meta property=\"og:url\" content=\"https:\/\/forum.brickrknowledge.eu\/es\/aviso-legal\/aviso-legal\/\" \/>\n<meta property=\"og:site_name\" content=\"Brick&#039;R&#039;knowledge\" \/>\n<meta property=\"article:publisher\" content=\"https:\/\/www.facebook.com\/BrickRknowledge\" \/>\n<meta name=\"twitter:card\" content=\"summary_large_image\" \/>\n<meta name=\"twitter:site\" content=\"@brickrknowledge\" \/>\n<script type=\"application\/ld+json\" class=\"yoast-schema-graph\">{\"@context\":\"https:\/\/schema.org\",\"@graph\":[{\"@type\":\"WebPage\",\"@id\":\"https:\/\/forum.brickrknowledge.eu\/es\/aviso-legal\/aviso-legal\/\",\"url\":\"https:\/\/forum.brickrknowledge.eu\/es\/aviso-legal\/aviso-legal\/\",\"name\":\"Aviso legal - Brick&#039;R&#039;knowledge\",\"isPartOf\":{\"@id\":\"https:\/\/wiki.brickrknowledge.com\/es\/#website\"},\"datePublished\":\"2017-08-07T11:15:48+00:00\",\"dateModified\":\"2017-08-07T11:15:48+00:00\",\"breadcrumb\":{\"@id\":\"https:\/\/forum.brickrknowledge.eu\/es\/aviso-legal\/aviso-legal\/#breadcrumb\"},\"inLanguage\":\"es-ES\",\"potentialAction\":[{\"@type\":\"ReadAction\",\"target\":[\"https:\/\/forum.brickrknowledge.eu\/es\/aviso-legal\/aviso-legal\/\"]}]},{\"@type\":\"BreadcrumbList\",\"@id\":\"https:\/\/forum.brickrknowledge.eu\/es\/aviso-legal\/aviso-legal\/#breadcrumb\",\"itemListElement\":[{\"@type\":\"ListItem\",\"position\":1,\"name\":\"Home\",\"item\":\"https:\/\/wiki.brickrknowledge.com\/es\/\"},{\"@type\":\"ListItem\",\"position\":2,\"name\":\"Informaci\u00f3n Legal\",\"item\":\"https:\/\/forum.brickrknowledge.eu\/es\/aviso-legal\/\"},{\"@type\":\"ListItem\",\"position\":3,\"name\":\"Aviso legal\"}]},{\"@type\":\"WebSite\",\"@id\":\"https:\/\/wiki.brickrknowledge.com\/es\/#website\",\"url\":\"https:\/\/wiki.brickrknowledge.com\/es\/\",\"name\":\"Brick&#039;R&#039;knowledge\",\"description\":\"\",\"potentialAction\":[{\"@type\":\"SearchAction\",\"target\":{\"@type\":\"EntryPoint\",\"urlTemplate\":\"https:\/\/wiki.brickrknowledge.com\/es\/?s={search_term_string}\"},\"query-input\":\"required name=search_term_string\"}],\"inLanguage\":\"es-ES\"}]}<\/script>\n<!-- \/ Yoast SEO plugin. -->","yoast_head_json":{"title":"Aviso legal - Brick&#039;R&#039;knowledge","robots":{"index":"index","follow":"follow","max-snippet":"max-snippet:-1","max-image-preview":"max-image-preview:large","max-video-preview":"max-video-preview:-1"},"canonical":"https:\/\/forum.brickrknowledge.eu\/es\/aviso-legal\/aviso-legal\/","og_locale":"es_ES","og_type":"article","og_title":"Aviso legal - Brick&#039;R&#039;knowledge","og_description":"Informaci\u00f3n seg\u00fan \u00a7 5 TMG: Brick&#8217;R&#8217;knowledge ALLNET GmbH Computersysteme Maistra\u00dfe 2 82110 Germering Representado por: Wolfang Marcus Bauer Contacto: Tel\u00e9fono: +49 (0) 89 894 222 22 Tel\u00e9fax: +49 (0) 89 894 222 33 E-Mail: info&#64;&#98;&#x72;&#x69;&#x63;&#x6b;&#x72;&#x6b;nowle&#100;&#103;&#x65;&#x2e;&#x64;&#x65; Registro: Inscrito en el registro Mercantil de Munich N\u00famero de registro: HRB 95 992 CIF intracomuitario: DE 128 214 294","og_url":"https:\/\/forum.brickrknowledge.eu\/es\/aviso-legal\/aviso-legal\/","og_site_name":"Brick&#039;R&#039;knowledge","article_publisher":"https:\/\/www.facebook.com\/BrickRknowledge","twitter_card":"summary_large_image","twitter_site":"@brickrknowledge","schema":{"@context":"https:\/\/schema.org","@graph":[{"@type":"WebPage","@id":"https:\/\/forum.brickrknowledge.eu\/es\/aviso-legal\/aviso-legal\/","url":"https:\/\/forum.brickrknowledge.eu\/es\/aviso-legal\/aviso-legal\/","name":"Aviso legal - Brick&#039;R&#039;knowledge","isPartOf":{"@id":"https:\/\/wiki.brickrknowledge.com\/es\/#website"},"datePublished":"2017-08-07T11:15:48+00:00","dateModified":"2017-08-07T11:15:48+00:00","breadcrumb":{"@id":"https:\/\/forum.brickrknowledge.eu\/es\/aviso-legal\/aviso-legal\/#breadcrumb"},"inLanguage":"es-ES","potentialAction":[{"@type":"ReadAction","target":["https:\/\/forum.brickrknowledge.eu\/es\/aviso-legal\/aviso-legal\/"]}]},{"@type":"BreadcrumbList","@id":"https:\/\/forum.brickrknowledge.eu\/es\/aviso-legal\/aviso-legal\/#breadcrumb","itemListElement":[{"@type":"ListItem","position":1,"name":"Home","item":"https:\/\/wiki.brickrknowledge.com\/es\/"},{"@type":"ListItem","position":2,"name":"Informaci\u00f3n Legal","item":"https:\/\/forum.brickrknowledge.eu\/es\/aviso-legal\/"},{"@type":"ListItem","position":3,"name":"Aviso legal"}]},{"@type":"WebSite","@id":"https:\/\/wiki.brickrknowledge.com\/es\/#website","url":"https:\/\/wiki.brickrknowledge.com\/es\/","name":"Brick&#039;R&#039;knowledge","description":"","potentialAction":[{"@type":"SearchAction","target":{"@type":"EntryPoint","urlTemplate":"https:\/\/wiki.brickrknowledge.com\/es\/?s={search_term_string}"},"query-input":"required name=search_term_string"}],"inLanguage":"es-ES"}]}},"_links":{"self":[{"href":"https:\/\/www.brickrknowledge.de\/es\/wp-json\/wp\/v2\/pages\/16020"}],"collection":[{"href":"https:\/\/www.brickrknowledge.de\/es\/wp-json\/wp\/v2\/pages"}],"about":[{"href":"https:\/\/www.brickrknowledge.de\/es\/wp-json\/wp\/v2\/types\/page"}],"author":[{"embeddable":true,"href":"https:\/\/www.brickrknowledge.de\/es\/wp-json\/wp\/v2\/users\/5"}],"replies":[{"embeddable":true,"href":"https:\/\/www.brickrknowledge.de\/es\/wp-json\/wp\/v2\/comments?post=16020"}],"version-history":[{"count":0,"href":"https:\/\/www.brickrknowledge.de\/es\/wp-json\/wp\/v2\/pages\/16020\/revisions"}],"up":[{"embeddable":true,"href":"https:\/\/www.brickrknowledge.de\/es\/wp-json\/wp\/v2\/pages\/16019"}],"wp:attachment":[{"href":"https:\/\/www.brickrknowledge.de\/es\/wp-json\/wp\/v2\/media?parent=16020"}],"wp:term":[{"taxonomy":"category","embeddable":true,"href":"https:\/\/www.brickrknowledge.de\/es\/wp-json\/wp\/v2\/categories?post=16020"},{"taxonomy":"post_tag","embeddable":true,"href":"https:\/\/www.brickrknowledge.de\/es\/wp-json\/wp\/v2\/tags?post=16020"}],"curies":[{"name":"wp","href":"https:\/\/api.w.org\/{rel}","templated":true}]}}